{"id":385,"date":"2019-11-02T23:18:04","date_gmt":"2019-11-02T22:18:04","guid":{"rendered":"http:\/\/192.168.1.200\/?page_id=385"},"modified":"2019-11-08T13:16:39","modified_gmt":"2019-11-08T12:16:39","slug":"pocitace-pocitacove-siete-a-sprava-komarno","status":"publish","type":"page","link":"https:\/\/espat.sk\/wordpress\/","title":{"rendered":"Po\u010d\u00edta\u010de po\u010d\u00edta\u010dov\u00e9 siete spr\u00e1va Kom\u00e1rno"},"content":{"rendered":"<h2 style=\"text-align: center;\"><span style=\"font-size: 12pt;\"><span class=\"tlid-translation translation\" lang=\"sk\"><span class=\"\" title=\"\">\u00a0<span style=\"font-size: 14pt;\"><strong>\u00a0\u00a0\u00a0 <span style=\"font-size: 18pt;\">Spr\u00e1va po\u010d\u00edta\u010dov a po\u010d\u00edta\u010dov\u00fdch siet\u00ed<\/span><\/strong><\/span><\/span><\/span><\/span><\/h2>\r\n<p>&nbsp;<\/p>\r\n<p><img loading=\"lazy\" decoding=\"async\" class=\"aligncenter wp-image-215\" title=\"administrator\" src=\"https:\/\/192.168.1.200\/wordpress\/wp-content\/uploads\/2019\/10\/administrator-1188494_640-3-300x198.jpg\" alt=\"administrator\" width=\"498\" height=\"329\" srcset=\"https:\/\/espat.sk\/wordpress\/wp-content\/uploads\/2019\/10\/administrator-1188494_640-3-300x198.jpg 300w, https:\/\/espat.sk\/wordpress\/wp-content\/uploads\/2019\/10\/administrator-1188494_640-3-150x99.jpg 150w, https:\/\/espat.sk\/wordpress\/wp-content\/uploads\/2019\/10\/administrator-1188494_640-3.jpg 640w\" sizes=\"auto, (max-width: 498px) 100vw, 498px\" \/><\/p>\r\n<p>&nbsp;<\/p>\r\n<p><span style=\"font-size: 12pt;\"><span class=\"tlid-translation translation\" lang=\"sk\"><span class=\"\" style=\"font-size: 12pt;\" title=\"\">\u00a0\u00a0\u00a0\u00a0\u00a0\u00a0 <span class=\"\" title=\"\">Nedovo\u013ete, aby v\u00e1s va\u0161a technol\u00f3gia obmedzovala.<\/span><span class=\"\" title=\"\"> Prav<\/span>ideln\u00e1 \u00fadr\u017eba je najlep\u0161\u00edm sp\u00f4sobom, ako zaisti\u0165 spo\u013eahlivos\u0165 po\u010d\u00edta\u010da<\/span><\/span> a<span class=\"tlid-translation translation\" lang=\"sk\"><span class=\"\" title=\"\"> po\u010d\u00edta\u010dovej siete a zn\u00ed\u017ei\u0165 tak riziko bezpe\u010dnostn\u00fdch zranite\u013enost\u00ed. Po\u010d\u00edta\u010de a po\u010d\u00edta\u010dov\u00e9 siete maj\u00fa sl\u00fa\u017ei\u0165 V\u00e1m, nie opa\u010dne. Na to som tu ja. Som tu pre V\u00e1s.<\/span><\/span> <\/span><\/p>\r\n<p><span style=\"font-size: 12pt;\"><span class=\"\" title=\"\">\u00a0\u00a0\u00a0\u00a0 <\/span><\/span><\/p>\r\n\r\n<figure class=\"wp-block-image\"><\/figure>\r\n<h2>\u00a0\u00a0\u00a0\u00a0 <strong>Moje slu\u017eby :<\/strong><\/h2>\r\n<p><img loading=\"lazy\" decoding=\"async\" class=\"wp-image-307 alignleft\" src=\"https:\/\/192.168.1.200\/wordpress\/wp-content\/uploads\/2019\/11\/check-mark-42622_640-261x300.png\" alt=\"\" width=\"16\" height=\"18\" srcset=\"https:\/\/espat.sk\/wordpress\/wp-content\/uploads\/2019\/11\/check-mark-42622_640-261x300.png 261w, https:\/\/espat.sk\/wordpress\/wp-content\/uploads\/2019\/11\/check-mark-42622_640-130x150.png 130w, https:\/\/espat.sk\/wordpress\/wp-content\/uploads\/2019\/11\/check-mark-42622_640.png 556w\" sizes=\"auto, (max-width: 16px) 100vw, 16px\" \/><span style=\"font-size: 12pt;\">Predaj v\u00fdpo\u010dtovej techniky a pr\u00edslu\u0161enstva<\/span><\/p>\r\n<p><span style=\"font-size: 12pt;\">Oprava a \u00fadr\u017eba <img loading=\"lazy\" decoding=\"async\" class=\"wp-image-307 alignleft\" src=\"https:\/\/192.168.1.200\/wordpress\/wp-content\/uploads\/2019\/11\/check-mark-42622_640-261x300.png\" alt=\"\" width=\"16\" height=\"18\" srcset=\"https:\/\/espat.sk\/wordpress\/wp-content\/uploads\/2019\/11\/check-mark-42622_640-261x300.png 261w, https:\/\/espat.sk\/wordpress\/wp-content\/uploads\/2019\/11\/check-mark-42622_640-130x150.png 130w, https:\/\/espat.sk\/wordpress\/wp-content\/uploads\/2019\/11\/check-mark-42622_640.png 556w\" sizes=\"auto, (max-width: 16px) 100vw, 16px\" \/>po\u010d\u00edta\u010dov, \u010distenie notebookov<\/span><\/p>\r\n<p><span style=\"font-size: 12pt;\"><img loading=\"lazy\" decoding=\"async\" class=\"wp-image-307 alignleft\" src=\"https:\/\/192.168.1.200\/wordpress\/wp-content\/uploads\/2019\/11\/check-mark-42622_640-261x300.png\" alt=\"\" width=\"16\" height=\"18\" srcset=\"https:\/\/espat.sk\/wordpress\/wp-content\/uploads\/2019\/11\/check-mark-42622_640-261x300.png 261w, https:\/\/espat.sk\/wordpress\/wp-content\/uploads\/2019\/11\/check-mark-42622_640-130x150.png 130w, https:\/\/espat.sk\/wordpress\/wp-content\/uploads\/2019\/11\/check-mark-42622_640.png 556w\" sizes=\"auto, (max-width: 16px) 100vw, 16px\" \/> N\u00e1vrh a realiz\u00e1cia mal\u00fdch po\u010d\u00edta\u010dov\u00fdch siet\u00ed<\/span><\/p>\r\n<p><span style=\"font-size: 12pt;\"><img loading=\"lazy\" decoding=\"async\" class=\"wp-image-307 alignleft\" src=\"https:\/\/192.168.1.200\/wordpress\/wp-content\/uploads\/2019\/11\/check-mark-42622_640-261x300.png\" alt=\"\" width=\"16\" height=\"18\" srcset=\"https:\/\/espat.sk\/wordpress\/wp-content\/uploads\/2019\/11\/check-mark-42622_640-261x300.png 261w, https:\/\/espat.sk\/wordpress\/wp-content\/uploads\/2019\/11\/check-mark-42622_640-130x150.png 130w, https:\/\/espat.sk\/wordpress\/wp-content\/uploads\/2019\/11\/check-mark-42622_640.png 556w\" sizes=\"auto, (max-width: 16px) 100vw, 16px\" \/> Spr\u00e1va po\u010d\u00edta\u010dov, serverov a po\u010d\u00edta\u010dov\u00fdch siet\u00ed<\/span><\/p>\r\n<p><span style=\"font-size: 12pt;\"><img loading=\"lazy\" decoding=\"async\" class=\"wp-image-307 alignleft\" src=\"https:\/\/192.168.1.200\/wordpress\/wp-content\/uploads\/2019\/11\/check-mark-42622_640-261x300.png\" alt=\"\" width=\"16\" height=\"18\" srcset=\"https:\/\/espat.sk\/wordpress\/wp-content\/uploads\/2019\/11\/check-mark-42622_640-261x300.png 261w, https:\/\/espat.sk\/wordpress\/wp-content\/uploads\/2019\/11\/check-mark-42622_640-130x150.png 130w, https:\/\/espat.sk\/wordpress\/wp-content\/uploads\/2019\/11\/check-mark-42622_640.png 556w\" sizes=\"auto, (max-width: 16px) 100vw, 16px\" \/> Podpora pri pou\u017e\u00edvan\u00ed registra\u010dn\u00fdch pokladn\u00edc<\/span> \u00a0<\/p>\r\n<p>&nbsp;<\/p>\r\n<p><img loading=\"lazy\" decoding=\"async\" class=\"aligncenter wp-image-361\" title=\"Network\" src=\"https:\/\/192.168.1.200\/wordpress\/wp-content\/uploads\/2019\/11\/switch-3297900_640-300x225.jpg\" alt=\"Network\" width=\"492\" height=\"369\" srcset=\"https:\/\/espat.sk\/wordpress\/wp-content\/uploads\/2019\/11\/switch-3297900_640-300x225.jpg 300w, https:\/\/espat.sk\/wordpress\/wp-content\/uploads\/2019\/11\/switch-3297900_640-150x113.jpg 150w, https:\/\/espat.sk\/wordpress\/wp-content\/uploads\/2019\/11\/switch-3297900_640.jpg 640w\" sizes=\"auto, (max-width: 492px) 100vw, 492px\" \/><\/p>\r\n<h2><strong>Moja \u0161pecializ\u00e1cia:<\/strong><\/h2>\r\n<p style=\"text-align: left;\"><img loading=\"lazy\" decoding=\"async\" class=\"wp-image-307 alignleft\" src=\"https:\/\/192.168.1.200\/wordpress\/wp-content\/uploads\/2019\/11\/check-mark-42622_640-261x300.png\" alt=\"\" width=\"16\" height=\"18\" srcset=\"https:\/\/espat.sk\/wordpress\/wp-content\/uploads\/2019\/11\/check-mark-42622_640-261x300.png 261w, https:\/\/espat.sk\/wordpress\/wp-content\/uploads\/2019\/11\/check-mark-42622_640-130x150.png 130w, https:\/\/espat.sk\/wordpress\/wp-content\/uploads\/2019\/11\/check-mark-42622_640.png 556w\" sizes=\"auto, (max-width: 16px) 100vw, 16px\" \/><span style=\"font-size: 12pt;\"><strong>Po\u010d\u00edta\u010dov\u00e9 siete pou\u017e\u00edvaj\u00face akt\u00edvne mana\u017eovate\u013en\u00e9 prvky v\u00fdrobcu Ubiquiti<\/strong> pre dom\u00e1cnosti a firmy,\u00a0 zabezpe\u010duj\u00face mimo in\u00e9ho kompletn\u00e9 pokrytie WiFi sign\u00e1lom celej nehnute\u013enosti pri zachovan\u00ed maxim\u00e1lnej r\u00fdchlosti prenosu v ka\u017edom bode z\u00e1ujmov\u00e9ho \u00fazemia s mo\u017enos\u0165ou detailn\u00e9ho monitorovania stavu siete<\/span><\/p>\r\n<p style=\"text-align: left;\"><span style=\"font-size: 12pt;\"><img loading=\"lazy\" decoding=\"async\" class=\"wp-image-307 alignleft\" src=\"https:\/\/192.168.1.200\/wordpress\/wp-content\/uploads\/2019\/11\/check-mark-42622_640-261x300.png\" alt=\"\" width=\"16\" height=\"18\" srcset=\"https:\/\/espat.sk\/wordpress\/wp-content\/uploads\/2019\/11\/check-mark-42622_640-261x300.png 261w, https:\/\/espat.sk\/wordpress\/wp-content\/uploads\/2019\/11\/check-mark-42622_640-130x150.png 130w, https:\/\/espat.sk\/wordpress\/wp-content\/uploads\/2019\/11\/check-mark-42622_640.png 556w\" sizes=\"auto, (max-width: 16px) 100vw, 16px\" \/><\/span><strong><span style=\"font-size: 12pt;\">Synology NAS serverov\u00e9 rie\u0161enia pre dom\u00e1cnosti:<\/span><\/strong><\/p>\r\n<ul>\r\n<li><span style=\"font-size: 12pt;\">spolo\u010dn\u00e9 d\u00e1tov\u00e9 \u00falo\u017eisko pre \u010dlenov rodiny <br \/><\/span><\/li>\r\n<li><span style=\"font-size: 12pt;\">pr\u00edstup z \u013eubovo\u013en\u00e9ho zariadenia pripojen\u00e9ho do siete &#8211; PC, notebook, mobiln\u00fd telef\u00f3n, tablet,\u00a0 Smart TV, multimedi\u00e1lne centrum<\/span><\/li>\r\n<li><span style=\"font-size: 12pt;\">bezpe\u010dn\u00e9 ukladanie rodinn\u00fdch d\u00e1t (fotky, videonahr\u00e1vky a in\u00e9 d\u00e1ta) na viac diskov naraz (RAID) <br \/><\/span><\/li>\r\n<li><span style=\"font-size: 12pt;\">\u00a0cloudov\u00e9 rie\u0161enie na vlastnom serveri, prepojiteln\u00e9 s in\u00fdmi cloudami renomovan\u00fdch spolo\u010dnost\u00ed <br \/><\/span><\/li>\r\n<li><span style=\"font-size: 12pt;\">vlastn\u00fd webov\u00fd server bez nutnosti platenia poplatkov za poskytovanie webhostingu (samozrejmos\u0165ou je SQL server, PHP, WordPress)<\/span><\/li>\r\n<li><span style=\"font-size: 12pt;\">d\u00e1tov\u00e9 \u00falo\u017eisko pre IP monitorovacie kamery s intuit\u00edvnym u\u017e\u00edvate\u013esk\u00fdm rozhran\u00edm<\/span><\/li>\r\n<li><span style=\"font-size: 12pt;\">bezpe\u010dn\u00fd pr\u00edstup k d\u00e1tam aj cez internet<\/span><\/li>\r\n<li><span style=\"font-size: 12pt;\">Download Station &#8211; torrent aplik\u00e1cia<\/span><\/li>\r\n<li><span style=\"font-size: 12pt;\">mnoho \u010fal\u0161\u00edch mo\u017enost\u00ed in\u0161talovan\u00fdch pomocou tzv. bal\u00ed\u010dkov<\/span><\/li>\r\n<\/ul>\r\n<p><span style=\"font-size: 12pt;\"><img loading=\"lazy\" decoding=\"async\" class=\"wp-image-307 alignleft\" src=\"https:\/\/192.168.1.200\/wordpress\/wp-content\/uploads\/2019\/11\/check-mark-42622_640-261x300.png\" alt=\"\" width=\"16\" height=\"18\" srcset=\"https:\/\/espat.sk\/wordpress\/wp-content\/uploads\/2019\/11\/check-mark-42622_640-261x300.png 261w, https:\/\/espat.sk\/wordpress\/wp-content\/uploads\/2019\/11\/check-mark-42622_640-130x150.png 130w, https:\/\/espat.sk\/wordpress\/wp-content\/uploads\/2019\/11\/check-mark-42622_640.png 556w\" sizes=\"auto, (max-width: 16px) 100vw, 16px\" \/> <strong>Synology NAS serverov\u00e9 rie\u0161enia pre firmy:<\/strong><\/span><\/p>\r\n<ul>\r\n<li><span style=\"font-size: 12pt;\">spolo\u010dn\u00e9 d\u00e1tov\u00e9 \u00falo\u017eisko pre v\u0161etk\u00fdch zamestnancov s nastavite\u013en\u00fdmi pr\u00e1vami pr\u00edstupu ka\u017ed\u00e9ho\u00a0 zamestnanca osobitne<\/span><\/li>\r\n<li><span style=\"font-size: 12pt;\">Synology Active Directory Server &#8211; ekvivalent Active directory Domain Service bez nutnosti zak\u00fapenia licencie Windows Servera<\/span><\/li>\r\n<li><span style=\"font-size: 12pt;\">bezpe\u010dn\u00e9 ukladanie firemn\u00fdch d\u00e1t na viac diskov naraz (RAID)<\/span><\/li>\r\n<li><span style=\"font-size: 12pt;\">mo\u017enos\u0165 vyu\u017e\u00edvania z\u00e1lo\u017en\u00fdch zdrojov komunikuj\u00facich s NAS serverom cez USB <br \/><\/span><\/li>\r\n<li><span style=\"font-size: 12pt;\">vlastn\u00fd webov\u00fd server bez nutnosti platenia poplatkov za poskytovanie webhostingu (samozrejmos\u0165ou je SQL server, PHP, WordPress)<\/span><\/li>\r\n<li><span style=\"font-size: 12pt;\">SQL server &#8211; MariaDB pre firemn\u00e9 sie\u0165ov\u00e9 aplik\u00e1cie<\/span><\/li>\r\n<li><span style=\"font-size: 12pt;\">FTP server vhodn\u00fd na prenos ve\u013ek\u00fdch objemov d\u00e1t cez internet<\/span><\/li>\r\n<li><span style=\"font-size: 12pt;\">mailserver<\/span><\/li>\r\n<li><span style=\"font-size: 12pt;\">bezpe\u010dn\u00fd pr\u00edstup zamestnancov pracuj\u00facich na dia\u013eku k firemn\u00fdm d\u00e1tam aj cez internet<\/span><\/li>\r\n<li><span style=\"font-size: 12pt;\">virtualiz\u00e1cia<\/span><\/li>\r\n<\/ul>\r\n<div class=\"col span_12 dark left\">\r\n<div class=\"vc_col-sm-4 wpb_column column_container vc_column_container col no-extra-padding instance-3\" data-border-radius=\"none\" data-shadow=\"none\" data-border-animation=\"\" data-border-animation-delay=\"\" data-border-width=\"none\" data-border-style=\"solid\" data-border-color=\"\" data-bg-cover=\"\" data-padding-pos=\"all\" data-has-bg-color=\"false\" data-bg-color=\"\" data-bg-opacity=\"1\" data-hover-bg=\"\" data-hover-bg-opacity=\"1\" data-animation=\"\" data-delay=\"0\">\r\n<p><img loading=\"lazy\" decoding=\"async\" class=\"aligncenter wp-image-338\" title=\"Synology DSM \" src=\"https:\/\/192.168.1.200\/wordpress\/wp-content\/uploads\/2019\/11\/nas-300x222.jpg\" alt=\"Synology DSM\" width=\"422\" height=\"312\" srcset=\"https:\/\/espat.sk\/wordpress\/wp-content\/uploads\/2019\/11\/nas-300x222.jpg 300w, https:\/\/espat.sk\/wordpress\/wp-content\/uploads\/2019\/11\/nas-150x111.jpg 150w, https:\/\/espat.sk\/wordpress\/wp-content\/uploads\/2019\/11\/nas.jpg 624w\" sizes=\"auto, (max-width: 422px) 100vw, 422px\" \/><\/p>\r\n<\/div>\r\n<div data-border-radius=\"none\" data-shadow=\"none\" data-border-animation=\"\" data-border-animation-delay=\"\" data-border-width=\"none\" data-border-style=\"solid\" data-border-color=\"\" data-bg-cover=\"\" data-padding-pos=\"all\" data-has-bg-color=\"false\" data-bg-color=\"\" data-bg-opacity=\"1\" data-hover-bg=\"\" data-hover-bg-opacity=\"1\" data-animation=\"\" data-delay=\"0\"><img loading=\"lazy\" decoding=\"async\" class=\"alignnone size-medium wp-image-448\" src=\"https:\/\/192.168.1.200\/wordpress\/wp-content\/uploads\/2019\/11\/Alexander-Patus-mini_logo-1-300x44.jpg\" alt=\"\" width=\"300\" height=\"44\" srcset=\"https:\/\/espat.sk\/wordpress\/wp-content\/uploads\/2019\/11\/Alexander-Patus-mini_logo-1-300x44.jpg 300w, https:\/\/espat.sk\/wordpress\/wp-content\/uploads\/2019\/11\/Alexander-Patus-mini_logo-1-150x22.jpg 150w, https:\/\/espat.sk\/wordpress\/wp-content\/uploads\/2019\/11\/Alexander-Patus-mini_logo-1.jpg 630w\" sizes=\"auto, (max-width: 300px) 100vw, 300px\" \/><\/div>\r\n<\/div>\r\n","protected":false},"excerpt":{"rendered":"<p>\u00a0\u00a0\u00a0\u00a0 Spr\u00e1va po\u010d\u00edta\u010dov a po\u010d\u00edta\u010dov\u00fdch siet\u00ed &nbsp; &nbsp; \u00a0\u00a0\u00a0\u00a0\u00a0\u00a0 Nedovo\u013ete, aby v\u00e1s va\u0161a technol\u00f3gia obmedzovala. Pravideln\u00e1 \u00fadr\u017eba je najlep\u0161\u00edm sp\u00f4sobom, ako zaisti\u0165 spo\u013eahlivos\u0165 po\u010d\u00edta\u010da a po\u010d\u00edta\u010dovej siete a zn\u00ed\u017ei\u0165 tak riziko bezpe\u010dnostn\u00fdch zranite\u013enost\u00ed. Po\u010d\u00edta\u010de a po\u010d\u00edta\u010dov\u00e9 siete maj\u00fa sl\u00fa\u017ei\u0165 V\u00e1m, nie opa\u010dne. Na to som tu ja. Som tu pre V\u00e1s. \u00a0\u00a0\u00a0\u00a0<\/p>\n","protected":false},"author":1,"featured_media":277,"parent":0,"menu_order":0,"comment_status":"closed","ping_status":"closed","template":"templates\/fullwidth.php","meta":{"footnotes":""},"class_list":["post-385","page","type-page","status-publish","has-post-thumbnail","hentry","page-entry","loop-entry clr"],"yoast_head":"<!-- This site is optimized with the Yoast SEO plugin v18.4.1 - https:\/\/yoast.com\/wordpress\/plugins\/seo\/ -->\n<title>Po\u010d\u00edta\u010de po\u010d\u00edta\u010dov\u00e9 siete spr\u00e1va Kom\u00e1rno Alexander Patus - ESPAT %<\/title>\n<meta name=\"description\" content=\"Po\u010d\u00edta\u010de Kom\u00e1rno. Predaj a oprava, \u010distenie notebookov, Spr\u00e1va PC, serverov a po\u010d\u00edta\u010dov\u00fdch siet\u00ed, registra\u010dn\u00e9 pokladnice. Rie\u0161enia Synology, Ubiquiti.\" \/>\n<meta name=\"robots\" content=\"index, follow, max-snippet:-1, max-image-preview:large, max-video-preview:-1\" \/>\n<link rel=\"canonical\" href=\"https:\/\/espat.sk\/wordpress\/\" \/>\n<meta property=\"og:locale\" content=\"hu_HU\" \/>\n<meta property=\"og:type\" content=\"article\" \/>\n<meta property=\"og:title\" content=\"Po\u010d\u00edta\u010de po\u010d\u00edta\u010dov\u00e9 siete spr\u00e1va Kom\u00e1rno Alexander Patus - ESPAT %\" \/>\n<meta property=\"og:description\" content=\"Po\u010d\u00edta\u010de Kom\u00e1rno. Predaj a oprava, \u010distenie notebookov, Spr\u00e1va PC, serverov a po\u010d\u00edta\u010dov\u00fdch siet\u00ed, registra\u010dn\u00e9 pokladnice. Rie\u0161enia Synology, Ubiquiti.\" \/>\n<meta property=\"og:url\" content=\"https:\/\/espat.sk\/wordpress\/\" \/>\n<meta property=\"og:site_name\" content=\"Alexander Patus - ESPAT\" \/>\n<meta property=\"article:publisher\" content=\"https:\/\/www.facebook.com\/alexanderpatusespat\" \/>\n<meta property=\"article:modified_time\" content=\"2019-11-08T12:16:39+00:00\" \/>\n<meta property=\"og:image\" content=\"https:\/\/espat.sk\/wordpress\/wp-content\/uploads\/2019\/10\/binary-2910663_1280x100.jpg\" \/>\n\t<meta property=\"og:image:width\" content=\"1280\" \/>\n\t<meta property=\"og:image:height\" content=\"100\" \/>\n\t<meta property=\"og:image:type\" content=\"image\/jpeg\" \/>\n<meta name=\"twitter:card\" content=\"summary_large_image\" \/>\n<meta name=\"twitter:label1\" content=\"Becs\u00fclt olvas\u00e1si id\u0151\" \/>\n\t<meta name=\"twitter:data1\" content=\"2 perc\" \/>\n<script type=\"application\/ld+json\" class=\"yoast-schema-graph\">{\"@context\":\"https:\/\/schema.org\",\"@graph\":[{\"@type\":\"Organization\",\"@id\":\"https:\/\/espat.sk\/wordpress\/#organization\",\"name\":\"Alexander Patus - ESPAT\",\"url\":\"https:\/\/espat.sk\/wordpress\/\",\"sameAs\":[\"https:\/\/www.facebook.com\/alexanderpatusespat\"],\"logo\":{\"@type\":\"ImageObject\",\"@id\":\"https:\/\/espat.sk\/wordpress\/#logo\",\"inLanguage\":\"hu\",\"url\":\"https:\/\/espat.sk\/wordpress\/wp-content\/uploads\/2019\/11\/Alexander-Patus-mini_logo-1.jpg\",\"contentUrl\":\"https:\/\/espat.sk\/wordpress\/wp-content\/uploads\/2019\/11\/Alexander-Patus-mini_logo-1.jpg\",\"width\":630,\"height\":93,\"caption\":\"Alexander Patus - ESPAT\"},\"image\":{\"@id\":\"https:\/\/espat.sk\/wordpress\/#logo\"}},{\"@type\":\"WebSite\",\"@id\":\"https:\/\/espat.sk\/wordpress\/#website\",\"url\":\"https:\/\/espat.sk\/wordpress\/\",\"name\":\"Alexander Patus - ESPAT\",\"description\":\"IT and fire\",\"publisher\":{\"@id\":\"https:\/\/espat.sk\/wordpress\/#organization\"},\"potentialAction\":[{\"@type\":\"SearchAction\",\"target\":{\"@type\":\"EntryPoint\",\"urlTemplate\":\"https:\/\/espat.sk\/wordpress\/?s={search_term_string}\"},\"query-input\":\"required name=search_term_string\"}],\"inLanguage\":\"hu\"},{\"@type\":\"ImageObject\",\"@id\":\"https:\/\/espat.sk\/wordpress\/#primaryimage\",\"inLanguage\":\"hu\",\"url\":\"https:\/\/espat.sk\/wordpress\/wp-content\/uploads\/2019\/10\/binary-2910663_1280x100.jpg\",\"contentUrl\":\"https:\/\/espat.sk\/wordpress\/wp-content\/uploads\/2019\/10\/binary-2910663_1280x100.jpg\",\"width\":1280,\"height\":100,\"caption\":\"Beyond\"},{\"@type\":\"WebPage\",\"@id\":\"https:\/\/espat.sk\/wordpress\/#webpage\",\"url\":\"https:\/\/espat.sk\/wordpress\/\",\"name\":\"Po\u010d\u00edta\u010de po\u010d\u00edta\u010dov\u00e9 siete spr\u00e1va Kom\u00e1rno Alexander Patus - ESPAT %\",\"isPartOf\":{\"@id\":\"https:\/\/espat.sk\/wordpress\/#website\"},\"primaryImageOfPage\":{\"@id\":\"https:\/\/espat.sk\/wordpress\/#primaryimage\"},\"datePublished\":\"2019-11-02T22:18:04+00:00\",\"dateModified\":\"2019-11-08T12:16:39+00:00\",\"description\":\"Po\u010d\u00edta\u010de Kom\u00e1rno. Predaj a oprava, \u010distenie notebookov, Spr\u00e1va PC, serverov a po\u010d\u00edta\u010dov\u00fdch siet\u00ed, registra\u010dn\u00e9 pokladnice. Rie\u0161enia Synology, Ubiquiti.\",\"breadcrumb\":{\"@id\":\"https:\/\/espat.sk\/wordpress\/#breadcrumb\"},\"inLanguage\":\"hu\",\"potentialAction\":[{\"@type\":\"ReadAction\",\"target\":[\"https:\/\/espat.sk\/wordpress\/\"]}]},{\"@type\":\"BreadcrumbList\",\"@id\":\"https:\/\/espat.sk\/wordpress\/#breadcrumb\",\"itemListElement\":[{\"@type\":\"ListItem\",\"position\":1,\"name\":\"Home\",\"item\":\"https:\/\/espat.sk\/wordpress\/\"},{\"@type\":\"ListItem\",\"position\":2,\"name\":\"Po\u010d\u00edta\u010de po\u010d\u00edta\u010dov\u00e9 siete spr\u00e1va Kom\u00e1rno\"}]}]}<\/script>\n<!-- \/ Yoast SEO plugin. -->","yoast_head_json":{"title":"Po\u010d\u00edta\u010de po\u010d\u00edta\u010dov\u00e9 siete spr\u00e1va Kom\u00e1rno Alexander Patus - ESPAT %","description":"Po\u010d\u00edta\u010de Kom\u00e1rno. Predaj a oprava, \u010distenie notebookov, Spr\u00e1va PC, serverov a po\u010d\u00edta\u010dov\u00fdch siet\u00ed, registra\u010dn\u00e9 pokladnice. Rie\u0161enia Synology, Ubiquiti.","robots":{"index":"index","follow":"follow","max-snippet":"max-snippet:-1","max-image-preview":"max-image-preview:large","max-video-preview":"max-video-preview:-1"},"canonical":"https:\/\/espat.sk\/wordpress\/","og_locale":"hu_HU","og_type":"article","og_title":"Po\u010d\u00edta\u010de po\u010d\u00edta\u010dov\u00e9 siete spr\u00e1va Kom\u00e1rno Alexander Patus - ESPAT %","og_description":"Po\u010d\u00edta\u010de Kom\u00e1rno. Predaj a oprava, \u010distenie notebookov, Spr\u00e1va PC, serverov a po\u010d\u00edta\u010dov\u00fdch siet\u00ed, registra\u010dn\u00e9 pokladnice. Rie\u0161enia Synology, Ubiquiti.","og_url":"https:\/\/espat.sk\/wordpress\/","og_site_name":"Alexander Patus - ESPAT","article_publisher":"https:\/\/www.facebook.com\/alexanderpatusespat","article_modified_time":"2019-11-08T12:16:39+00:00","og_image":[{"width":1280,"height":100,"url":"https:\/\/espat.sk\/wordpress\/wp-content\/uploads\/2019\/10\/binary-2910663_1280x100.jpg","type":"image\/jpeg"}],"twitter_card":"summary_large_image","twitter_misc":{"Becs\u00fclt olvas\u00e1si id\u0151":"2 perc"},"schema":{"@context":"https:\/\/schema.org","@graph":[{"@type":"Organization","@id":"https:\/\/espat.sk\/wordpress\/#organization","name":"Alexander Patus - ESPAT","url":"https:\/\/espat.sk\/wordpress\/","sameAs":["https:\/\/www.facebook.com\/alexanderpatusespat"],"logo":{"@type":"ImageObject","@id":"https:\/\/espat.sk\/wordpress\/#logo","inLanguage":"hu","url":"https:\/\/espat.sk\/wordpress\/wp-content\/uploads\/2019\/11\/Alexander-Patus-mini_logo-1.jpg","contentUrl":"https:\/\/espat.sk\/wordpress\/wp-content\/uploads\/2019\/11\/Alexander-Patus-mini_logo-1.jpg","width":630,"height":93,"caption":"Alexander Patus - ESPAT"},"image":{"@id":"https:\/\/espat.sk\/wordpress\/#logo"}},{"@type":"WebSite","@id":"https:\/\/espat.sk\/wordpress\/#website","url":"https:\/\/espat.sk\/wordpress\/","name":"Alexander Patus - ESPAT","description":"IT and fire","publisher":{"@id":"https:\/\/espat.sk\/wordpress\/#organization"},"potentialAction":[{"@type":"SearchAction","target":{"@type":"EntryPoint","urlTemplate":"https:\/\/espat.sk\/wordpress\/?s={search_term_string}"},"query-input":"required name=search_term_string"}],"inLanguage":"hu"},{"@type":"ImageObject","@id":"https:\/\/espat.sk\/wordpress\/#primaryimage","inLanguage":"hu","url":"https:\/\/espat.sk\/wordpress\/wp-content\/uploads\/2019\/10\/binary-2910663_1280x100.jpg","contentUrl":"https:\/\/espat.sk\/wordpress\/wp-content\/uploads\/2019\/10\/binary-2910663_1280x100.jpg","width":1280,"height":100,"caption":"Beyond"},{"@type":"WebPage","@id":"https:\/\/espat.sk\/wordpress\/#webpage","url":"https:\/\/espat.sk\/wordpress\/","name":"Po\u010d\u00edta\u010de po\u010d\u00edta\u010dov\u00e9 siete spr\u00e1va Kom\u00e1rno Alexander Patus - ESPAT %","isPartOf":{"@id":"https:\/\/espat.sk\/wordpress\/#website"},"primaryImageOfPage":{"@id":"https:\/\/espat.sk\/wordpress\/#primaryimage"},"datePublished":"2019-11-02T22:18:04+00:00","dateModified":"2019-11-08T12:16:39+00:00","description":"Po\u010d\u00edta\u010de Kom\u00e1rno. Predaj a oprava, \u010distenie notebookov, Spr\u00e1va PC, serverov a po\u010d\u00edta\u010dov\u00fdch siet\u00ed, registra\u010dn\u00e9 pokladnice. Rie\u0161enia Synology, Ubiquiti.","breadcrumb":{"@id":"https:\/\/espat.sk\/wordpress\/#breadcrumb"},"inLanguage":"hu","potentialAction":[{"@type":"ReadAction","target":["https:\/\/espat.sk\/wordpress\/"]}]},{"@type":"BreadcrumbList","@id":"https:\/\/espat.sk\/wordpress\/#breadcrumb","itemListElement":[{"@type":"ListItem","position":1,"name":"Home","item":"https:\/\/espat.sk\/wordpress\/"},{"@type":"ListItem","position":2,"name":"Po\u010d\u00edta\u010de po\u010d\u00edta\u010dov\u00e9 siete spr\u00e1va Kom\u00e1rno"}]}]}},"_links":{"self":[{"href":"https:\/\/espat.sk\/wordpress\/wp-json\/wp\/v2\/pages\/385","targetHints":{"allow":["GET"]}}],"collection":[{"href":"https:\/\/espat.sk\/wordpress\/wp-json\/wp\/v2\/pages"}],"about":[{"href":"https:\/\/espat.sk\/wordpress\/wp-json\/wp\/v2\/types\/page"}],"author":[{"embeddable":true,"href":"https:\/\/espat.sk\/wordpress\/wp-json\/wp\/v2\/users\/1"}],"replies":[{"embeddable":true,"href":"https:\/\/espat.sk\/wordpress\/wp-json\/wp\/v2\/comments?post=385"}],"version-history":[{"count":27,"href":"https:\/\/espat.sk\/wordpress\/wp-json\/wp\/v2\/pages\/385\/revisions"}],"predecessor-version":[{"id":498,"href":"https:\/\/espat.sk\/wordpress\/wp-json\/wp\/v2\/pages\/385\/revisions\/498"}],"wp:featuredmedia":[{"embeddable":true,"href":"https:\/\/espat.sk\/wordpress\/wp-json\/wp\/v2\/media\/277"}],"wp:attachment":[{"href":"https:\/\/espat.sk\/wordpress\/wp-json\/wp\/v2\/media?parent=385"}],"curies":[{"name":"wp","href":"https:\/\/api.w.org\/{rel}","templated":true}]}}